{"id":1218,"date":"2024-12-23T11:34:05","date_gmt":"2024-12-23T11:34:05","guid":{"rendered":"https:\/\/infallible-cannon.94-143-137-99.plesk.page\/galeria\/guillem-amo-originals\/"},"modified":"2025-01-10T14:04:04","modified_gmt":"2025-01-10T14:04:04","slug":"guillem-amo-originals","status":"publish","type":"page","link":"https:\/\/infallible-cannon.94-143-137-99.plesk.page\/es\/galeria\/guillem-amo-originals\/","title":{"rendered":"Guillem Amo Originals"},"content":{"rendered":"\t\t<div data-elementor-type=\"wp-page\" data-elementor-id=\"1218\" class=\"elementor elementor-1218 elementor-806\" data-elementor-post-type=\"page\">\n\t\t\t\t<div class=\"elementor-element elementor-element-7da1512 e-flex e-con-boxed e-con e-parent\" data-id=\"7da1512\" data-element_type=\"container\" data-settings=\"{&quot;background_background&quot;:&quot;classic&quot;}\">\n\t\t\t\t\t<div class=\"e-con-inner\">\n\t\t<div class=\"elementor-element elementor-element-fd46b38 e-con-full e-flex e-con e-child\" data-id=\"fd46b38\" data-element_type=\"container\">\n\t\t\t\t<div class=\"elementor-element elementor-element-e6c2760 elementor-widget elementor-widget-heading\" data-id=\"e6c2760\" data-element_type=\"widget\" data-widget_type=\"heading.default\">\n\t\t\t\t\t<h2 class=\"elementor-heading-title elementor-size-default\">Art original que transforma espais.<\/h2>\t\t\t\t<\/div>\n\t\t\t\t<div class=\"elementor-element elementor-element-a60219c elementor-widget elementor-widget-text-editor\" data-id=\"a60219c\" data-element_type=\"widget\" data-widget_type=\"text-editor.default\">\n\t\t\t\t\t\t\t\t\t<p data-pm-slice=\"1 1 []\">Descobreix quadres \u00fanics dissenyats per connectar, inspirar i deixar empremta<\/p>\t\t\t\t\t\t\t\t<\/div>\n\t\t\t\t<div class=\"elementor-element elementor-element-bc122b8 elementor-widget elementor-widget-shortcode\" data-id=\"bc122b8\" data-element_type=\"widget\" data-widget_type=\"shortcode.default\">\n\t\t\t\t\t\t\t<div class=\"elementor-shortcode\"><\/div>\n\t\t\t\t\t\t<\/div>\n\t\t\t\t<\/div>\n\t\t\t\t\t<\/div>\n\t\t\t\t<\/div>\n\t\t<div class=\"elementor-element elementor-element-365e357 e-flex e-con-boxed e-con e-parent\" data-id=\"365e357\" data-element_type=\"container\">\n\t\t\t\t\t<div class=\"e-con-inner\">\n\t\t\t\t<div class=\"elementor-element elementor-element-e0543cf elementor-widget elementor-widget-heading\" data-id=\"e0543cf\" data-element_type=\"widget\" data-widget_type=\"heading.default\">\n\t\t\t\t\t<h4 class=\"elementor-heading-title elementor-size-default\">Tria l'obra que connecti amb tu i transforma el teu espai en alguna cosa inoblidable.<\/h4>\t\t\t\t<\/div>\n\t\t<div class=\"elementor-element elementor-element-b13b47a e-con-full e-flex e-con e-child\" data-id=\"b13b47a\" data-element_type=\"container\">\n\t\t\t\t<div class=\"elementor-element elementor-element-e70a14b elementor-widget elementor-widget-text-editor\" data-id=\"e70a14b\" data-element_type=\"widget\" data-widget_type=\"text-editor.default\">\n\t\t\t\t\t\t\t\t\t<p data-pm-slice=\"1 1 []\">En aquest apartat trobar\u00e0s una selecci\u00f3 exclusiva dels meus quadres originals. Cada obra \u00e9s una pe\u00e7a \u00fanica, creada amb passi\u00f3, detall i un estil que combina narrativa, emoci\u00f3 i t\u00e8cnica. Des de composicions plenes de color i for\u00e7a fins a obres amb un rerefons que conviden a reflexionar, els meus quadres estan dissenyats per destacar en qualsevol entorn.<\/p>\t\t\t\t\t\t\t\t<\/div>\n\t\t\t\t<div class=\"elementor-element elementor-element-d5e4edd elementor-widget elementor-widget-text-editor\" data-id=\"d5e4edd\" data-element_type=\"widget\" data-widget_type=\"text-editor.default\">\n\t\t\t\t\t\t\t\t\t<p>Ja sigui que busquis una pe\u00e7a que complementi l&#8217;espai o que es converteixi en el centre d\u2019atenci\u00f3, aqu\u00ed trobar\u00e0s art que aporta car\u00e0cter i transforma els llocs que habites.<\/p>\t\t\t\t\t\t\t\t<\/div>\n\t\t\t\t<\/div>\n\t\t\t\t<div class=\"elementor-element elementor-element-c70485f elementor-widget elementor-widget-spacer\" data-id=\"c70485f\" data-element_type=\"widget\" data-widget_type=\"spacer.default\">\n\t\t\t\t<div class=\"elementor-widget-container\">\n\t\t\t\t\t\t\t<div class=\"elementor-spacer\">\n\t\t\t<div class=\"elementor-spacer-inner\"><\/div>\n\t\t<\/div>\n\t\t\t\t\t\t<\/div>\n\t\t\t\t<\/div>\n\t\t\t\t\t<\/div>\n\t\t\t\t<\/div>\n\t\t<div class=\"elementor-element elementor-element-bdee464 e-grid e-con-boxed e-con e-parent\" data-id=\"bdee464\" data-element_type=\"container\">\n\t\t\t\t\t<div class=\"e-con-inner\">\n\t\t\t\t<div class=\"elementor-element elementor-element-939ea40 elementor-cta--skin-cover elementor-cta--valign-bottom elementor-animated-content elementor-bg-transform elementor-bg-transform-zoom-in elementor-widget elementor-widget-call-to-action\" data-id=\"939ea40\" data-element_type=\"widget\" data-widget_type=\"call-to-action.default\">\n\t\t\t\t<div class=\"elementor-widget-container\">\n\t\t\t\t\t\t\t<a class=\"elementor-cta\" href=\"#elementor-action%3Aaction%3Dpopup%3Aopen%26settings%3DeyJpZCI6MTM1OSwidG9nZ2xlIjpmYWxzZX0%3D\">\n\t\t\t\t\t<div class=\"elementor-cta__bg-wrapper\">\n\t\t\t\t<div class=\"elementor-cta__bg elementor-bg\" style=\"background-image: url(https:\/\/infallible-cannon.94-143-137-99.plesk.page\/wp-content\/uploads\/2024\/12\/2-chiuaua-pop-art-guillem-amo-768x1024.jpg);\" role=\"img\" aria-label=\"2 chiuaua pop art guillem amo\"><\/div>\n\t\t\t\t<div class=\"elementor-cta__bg-overlay\"><\/div>\n\t\t\t<\/div>\n\t\t\t\t\t\t\t<div class=\"elementor-cta__content\">\n\t\t\t\t\n\t\t\t\t\t\t\t\t\t<h2 class=\"elementor-cta__title elementor-cta__content-item elementor-content-item elementor-animated-item--grow\">\n\t\t\t\t\t\t \t\t\t\t\t<\/h2>\n\t\t\t\t\n\t\t\t\t\n\t\t\t\t\t\t\t<\/div>\n\t\t\t\t\t\t<\/a>\n\t\t\t\t\t\t<\/div>\n\t\t\t\t<\/div>\n\t\t\t\t<div class=\"elementor-element elementor-element-9f746a7 elementor-cta--skin-cover elementor-cta--valign-bottom elementor-animated-content elementor-bg-transform elementor-bg-transform-zoom-in elementor-widget elementor-widget-call-to-action\" data-id=\"9f746a7\" data-element_type=\"widget\" data-widget_type=\"call-to-action.default\">\n\t\t\t\t<div class=\"elementor-widget-container\">\n\t\t\t\t\t\t\t<a class=\"elementor-cta\" href=\"#elementor-action%3Aaction%3Dpopup%3Aopen%26settings%3DeyJpZCI6MTM5NywidG9nZ2xlIjpmYWxzZX0%3D\">\n\t\t\t\t\t<div class=\"elementor-cta__bg-wrapper\">\n\t\t\t\t<div class=\"elementor-cta__bg elementor-bg\" style=\"background-image: url(https:\/\/infallible-cannon.94-143-137-99.plesk.page\/wp-content\/uploads\/2024\/12\/2alargada-youtube-octoelephant-1024x576.jpg);\" role=\"img\" aria-label=\"2alargada youtube octoelephant\"><\/div>\n\t\t\t\t<div class=\"elementor-cta__bg-overlay\"><\/div>\n\t\t\t<\/div>\n\t\t\t\t\t\t\t<div class=\"elementor-cta__content\">\n\t\t\t\t\n\t\t\t\t\t\t\t\t\t<h2 class=\"elementor-cta__title elementor-cta__content-item elementor-content-item elementor-animated-item--grow\">\n\t\t\t\t\t\t \t\t\t\t\t<\/h2>\n\t\t\t\t\n\t\t\t\t\n\t\t\t\t\t\t\t<\/div>\n\t\t\t\t\t\t<\/a>\n\t\t\t\t\t\t<\/div>\n\t\t\t\t<\/div>\n\t\t\t\t<div class=\"elementor-element elementor-element-5b16df2 elementor-cta--skin-cover elementor-cta--valign-bottom elementor-animated-content elementor-bg-transform elementor-bg-transform-zoom-in elementor-widget elementor-widget-call-to-action\" data-id=\"5b16df2\" data-element_type=\"widget\" data-widget_type=\"call-to-action.default\">\n\t\t\t\t<div class=\"elementor-widget-container\">\n\t\t\t\t\t\t\t<a class=\"elementor-cta\" href=\"#elementor-action%3Aaction%3Dpopup%3Aopen%26settings%3DeyJpZCI6MTQwNywidG9nZ2xlIjpmYWxzZX0%3D\">\n\t\t\t\t\t<div class=\"elementor-cta__bg-wrapper\">\n\t\t\t\t<div class=\"elementor-cta__bg elementor-bg\" style=\"background-image: url(https:\/\/infallible-cannon.94-143-137-99.plesk.page\/wp-content\/uploads\/2024\/12\/Dali-Pop-Art-73CM-X-92CM-768x1024.jpg);\" role=\"img\" aria-label=\"Dali\u0301 Pop Art 73CM X 92CM\"><\/div>\n\t\t\t\t<div class=\"elementor-cta__bg-overlay\"><\/div>\n\t\t\t<\/div>\n\t\t\t\t\t\t\t<div class=\"elementor-cta__content\">\n\t\t\t\t\n\t\t\t\t\t\t\t\t\t<h2 class=\"elementor-cta__title elementor-cta__content-item elementor-content-item elementor-animated-item--grow\">\n\t\t\t\t\t\t \t\t\t\t\t<\/h2>\n\t\t\t\t\n\t\t\t\t\n\t\t\t\t\t\t\t<\/div>\n\t\t\t\t\t\t<\/a>\n\t\t\t\t\t\t<\/div>\n\t\t\t\t<\/div>\n\t\t\t\t<div class=\"elementor-element elementor-element-5086efa elementor-cta--skin-cover elementor-cta--valign-bottom elementor-animated-content elementor-bg-transform elementor-bg-transform-zoom-in elementor-widget elementor-widget-call-to-action\" data-id=\"5086efa\" data-element_type=\"widget\" data-widget_type=\"call-to-action.default\">\n\t\t\t\t<div class=\"elementor-widget-container\">\n\t\t\t\t\t\t\t<a class=\"elementor-cta\" href=\"#elementor-action%3Aaction%3Dpopup%3Aopen%26settings%3DeyJpZCI6MTQxOCwidG9nZ2xlIjpmYWxzZX0%3D\">\n\t\t\t\t\t<div class=\"elementor-cta__bg-wrapper\">\n\t\t\t\t<div class=\"elementor-cta__bg elementor-bg\" style=\"background-image: url(https:\/\/infallible-cannon.94-143-137-99.plesk.page\/wp-content\/uploads\/2024\/12\/Rocky-y-Mr.T-Pop-Art-100CM-X-80CM-1024x717.jpg);\" role=\"img\" aria-label=\"Rocky y Mr.T Pop Art 100CM X 80CM\"><\/div>\n\t\t\t\t<div class=\"elementor-cta__bg-overlay\"><\/div>\n\t\t\t<\/div>\n\t\t\t\t\t\t\t<div class=\"elementor-cta__content\">\n\t\t\t\t\n\t\t\t\t\t\t\t\t\t<h2 class=\"elementor-cta__title elementor-cta__content-item elementor-content-item elementor-animated-item--grow\">\n\t\t\t\t\t\t \t\t\t\t\t<\/h2>\n\t\t\t\t\n\t\t\t\t\n\t\t\t\t\t\t\t<\/div>\n\t\t\t\t\t\t<\/a>\n\t\t\t\t\t\t<\/div>\n\t\t\t\t<\/div>\n\t\t\t\t<div class=\"elementor-element elementor-element-b58e0a9 elementor-cta--skin-cover elementor-cta--valign-bottom elementor-animated-content elementor-bg-transform elementor-bg-transform-zoom-in elementor-widget elementor-widget-call-to-action\" data-id=\"b58e0a9\" data-element_type=\"widget\" data-widget_type=\"call-to-action.default\">\n\t\t\t\t<div class=\"elementor-widget-container\">\n\t\t\t\t\t\t\t<a class=\"elementor-cta\" href=\"#elementor-action%3Aaction%3Dlightbox%26settings%3DeyJ1cmwiOiJodHRwczpcL1wvaW5mYWxsaWJsZS1jYW5ub24uOTQtMTQzLTEzNy05OS5wbGVzay5wYWdlXC93cC1jb250ZW50XC91cGxvYWRzXC8yMDI0XC8xMlwvYWxhcmdhZGEteC15b3V0dWJlLW1hcnlsaW4uanBnIiwidHlwZSI6ImltYWdlIiwidGl0bGUiOiJhbGFyZ2FkYSB4IHlvdXR1YmUgbWFyeWxpbiJ9\">\n\t\t\t\t\t<div class=\"elementor-cta__bg-wrapper\">\n\t\t\t\t<div class=\"elementor-cta__bg elementor-bg\" style=\"background-image: url(https:\/\/infallible-cannon.94-143-137-99.plesk.page\/wp-content\/uploads\/2024\/12\/alargada-x-youtube-marylin-1024x576.jpg);\" role=\"img\" aria-label=\"alargada x youtube marylin\"><\/div>\n\t\t\t\t<div class=\"elementor-cta__bg-overlay\"><\/div>\n\t\t\t<\/div>\n\t\t\t\t\t\t\t<div class=\"elementor-cta__content\">\n\t\t\t\t\n\t\t\t\t\t\t\t\t\t<h2 class=\"elementor-cta__title elementor-cta__content-item elementor-content-item elementor-animated-item--grow\">\n\t\t\t\t\t\t \t\t\t\t\t<\/h2>\n\t\t\t\t\n\t\t\t\t\n\t\t\t\t\t\t\t<\/div>\n\t\t\t\t\t\t<\/a>\n\t\t\t\t\t\t<\/div>\n\t\t\t\t<\/div>\n\t\t\t\t<div class=\"elementor-element elementor-element-69e280a elementor-cta--skin-cover elementor-cta--valign-bottom elementor-animated-content elementor-bg-transform elementor-bg-transform-zoom-in elementor-widget elementor-widget-call-to-action\" data-id=\"69e280a\" data-element_type=\"widget\" data-widget_type=\"call-to-action.default\">\n\t\t\t\t<div class=\"elementor-widget-container\">\n\t\t\t\t\t\t\t<a class=\"elementor-cta\" href=\"#elementor-action%3Aaction%3Dlightbox%26settings%3DeyJ1cmwiOiJodHRwczpcL1wvaW5mYWxsaWJsZS1jYW5ub24uOTQtMTQzLTEzNy05OS5wbGVzay5wYWdlXC93cC1jb250ZW50XC91cGxvYWRzXC8yMDI0XC8xMlwvY3VhZHJvLU11Y2hhY2hhLWVuLWxhLXZlbnRhbmEtRGFsaS1HcmV0YS1UaHVuYmVyZy05MENNLVgtMTMwQ00tc2NhbGVkLmpwZyIsInR5cGUiOiJpbWFnZSIsInRpdGxlIjoiY3VhZHJvIE11Y2hhY2hhIGVuIGxhIHZlbnRhbmEgRGFsaVx1MDMwMSBHcmV0YSBUaHVuYmVyZyA5MENNIFggMTMwQ00ifQ%3D%3D\">\n\t\t\t\t\t<div class=\"elementor-cta__bg-wrapper\">\n\t\t\t\t<div class=\"elementor-cta__bg elementor-bg\" style=\"background-image: url(https:\/\/infallible-cannon.94-143-137-99.plesk.page\/wp-content\/uploads\/2024\/12\/cuadro-Muchacha-en-la-ventana-Dali-Greta-Thunberg-90CM-X-130CM-683x1024.jpg);\" role=\"img\" aria-label=\"cuadro Muchacha en la ventana Dali\u0301 Greta Thunberg 90CM X 130CM\"><\/div>\n\t\t\t\t<div class=\"elementor-cta__bg-overlay\"><\/div>\n\t\t\t<\/div>\n\t\t\t\t\t\t\t<div class=\"elementor-cta__content\">\n\t\t\t\t\n\t\t\t\t\t\t\t\t\t<h2 class=\"elementor-cta__title elementor-cta__content-item elementor-content-item elementor-animated-item--grow\">\n\t\t\t\t\t\t \t\t\t\t\t<\/h2>\n\t\t\t\t\n\t\t\t\t\n\t\t\t\t\t\t\t<\/div>\n\t\t\t\t\t\t<\/a>\n\t\t\t\t\t\t<\/div>\n\t\t\t\t<\/div>\n\t\t\t\t<div class=\"elementor-element elementor-element-a96e309 elementor-cta--skin-cover elementor-cta--valign-bottom elementor-animated-content elementor-bg-transform elementor-bg-transform-zoom-in elementor-widget elementor-widget-call-to-action\" data-id=\"a96e309\" data-element_type=\"widget\" data-widget_type=\"call-to-action.default\">\n\t\t\t\t<div class=\"elementor-widget-container\">\n\t\t\t\t\t\t\t<a class=\"elementor-cta\" href=\"#elementor-action%3Aaction%3Dlightbox%26settings%3DeyJ1cmwiOiJodHRwczpcL1wvaW5mYWxsaWJsZS1jYW5ub24uOTQtMTQzLTEzNy05OS5wbGVzay5wYWdlXC93cC1jb250ZW50XC91cGxvYWRzXC8yMDI0XC8xMlwvR3JldGEtVGh1bmJlcmctU2FsdmF0b3ItTXVuZGlzLUxlb25hcmRvLURhLXZpbmNpLTczQ00tWC0xMDBDTS1zY2FsZWQuanBnIiwidHlwZSI6ImltYWdlIiwidGl0bGUiOiJHcmV0YSBUaHVuYmVyZyBTYWx2YXRvciBNdW5kaXMgTGVvbmFyZG8gRGEgdmluY2kgNzNDTSBYIDEwMENNIn0%3D\">\n\t\t\t\t\t<div class=\"elementor-cta__bg-wrapper\">\n\t\t\t\t<div class=\"elementor-cta__bg elementor-bg\" style=\"background-image: url(https:\/\/infallible-cannon.94-143-137-99.plesk.page\/wp-content\/uploads\/2024\/12\/Greta-Thunberg-Salvator-Mundis-Leonardo-Da-vinci-73CM-X-100CM-1024x683.jpg);\" role=\"img\" aria-label=\"Greta Thunberg Salvator Mundis Leonardo Da vinci 73CM X 100CM\"><\/div>\n\t\t\t\t<div class=\"elementor-cta__bg-overlay\"><\/div>\n\t\t\t<\/div>\n\t\t\t\t\t\t\t<div class=\"elementor-cta__content\">\n\t\t\t\t\n\t\t\t\t\t\t\t\t\t<h2 class=\"elementor-cta__title elementor-cta__content-item elementor-content-item elementor-animated-item--grow\">\n\t\t\t\t\t\t \t\t\t\t\t<\/h2>\n\t\t\t\t\n\t\t\t\t\n\t\t\t\t\t\t\t<\/div>\n\t\t\t\t\t\t<\/a>\n\t\t\t\t\t\t<\/div>\n\t\t\t\t<\/div>\n\t\t\t\t<div class=\"elementor-element elementor-element-882d8ca elementor-cta--skin-cover elementor-cta--valign-bottom elementor-animated-content elementor-bg-transform elementor-bg-transform-zoom-in elementor-widget elementor-widget-call-to-action\" data-id=\"882d8ca\" data-element_type=\"widget\" data-widget_type=\"call-to-action.default\">\n\t\t\t\t<div class=\"elementor-widget-container\">\n\t\t\t\t\t\t\t<a class=\"elementor-cta\" href=\"#elementor-action%3Aaction%3Dlightbox%26settings%3DeyJ1cmwiOiJodHRwczpcL1wvaW5mYWxsaWJsZS1jYW5ub24uOTQtMTQzLTEzNy05OS5wbGVzay5wYWdlXC93cC1jb250ZW50XC91cGxvYWRzXC8yMDI0XC8xMlwvSGFubmliYWwtTGVjdGVyLVBvcC1BcnQxMDBDTS1YLTgwQ00tc2NhbGVkLmpwZyIsInR5cGUiOiJpbWFnZSIsInRpdGxlIjoiSGFubmliYWwgTGVjdGVyIFBvcCBBcnQxMDBDTSBYIDgwQ00ifQ%3D%3D\">\n\t\t\t\t\t<div class=\"elementor-cta__bg-wrapper\">\n\t\t\t\t<div class=\"elementor-cta__bg elementor-bg\" style=\"background-image: url(https:\/\/infallible-cannon.94-143-137-99.plesk.page\/wp-content\/uploads\/2024\/12\/Hannibal-Lecter-Pop-Art100CM-X-80CM-1024x768.jpg);\" role=\"img\" aria-label=\"Hannibal Lecter Pop Art100CM X 80CM\"><\/div>\n\t\t\t\t<div class=\"elementor-cta__bg-overlay\"><\/div>\n\t\t\t<\/div>\n\t\t\t\t\t\t\t<div class=\"elementor-cta__content\">\n\t\t\t\t\n\t\t\t\t\t\t\t\t\t<h2 class=\"elementor-cta__title elementor-cta__content-item elementor-content-item elementor-animated-item--grow\">\n\t\t\t\t\t\t \t\t\t\t\t<\/h2>\n\t\t\t\t\n\t\t\t\t\n\t\t\t\t\t\t\t<\/div>\n\t\t\t\t\t\t<\/a>\n\t\t\t\t\t\t<\/div>\n\t\t\t\t<\/div>\n\t\t\t\t<div class=\"elementor-element elementor-element-60b1755 elementor-cta--skin-cover elementor-cta--valign-bottom elementor-animated-content elementor-bg-transform elementor-bg-transform-zoom-in elementor-widget elementor-widget-call-to-action\" data-id=\"60b1755\" data-element_type=\"widget\" data-widget_type=\"call-to-action.default\">\n\t\t\t\t<div class=\"elementor-widget-container\">\n\t\t\t\t\t\t\t<a class=\"elementor-cta\" href=\"#elementor-action%3Aaction%3Dlightbox%26settings%3DeyJ1cmwiOiJodHRwczpcL1wvaW5mYWxsaWJsZS1jYW5ub24uOTQtMTQzLTEzNy05OS5wbGVzay5wYWdlXC93cC1jb250ZW50XC91cGxvYWRzXC8yMDI0XC8xMlwvS29iZS10cmlidXRlLUtvYmUtQnJ5YW50LVBvcC1BcnQtR3VpbGxlbS1hbW8uMTAwQ00tWC03MC1DTWpwZy1zY2FsZWQuanBnIiwidHlwZSI6ImltYWdlIiwidGl0bGUiOiJLb2JlIHRyaWJ1dGUgS29iZSBCcnlhbnQgUG9wIEFydCBHdWlsbGVtIGFtby4xMDBDTSBYIDcwIENNanBnIn0%3D\">\n\t\t\t\t\t<div class=\"elementor-cta__bg-wrapper\">\n\t\t\t\t<div class=\"elementor-cta__bg elementor-bg\" style=\"background-image: url(https:\/\/infallible-cannon.94-143-137-99.plesk.page\/wp-content\/uploads\/2024\/12\/Kobe-tribute-Kobe-Bryant-Pop-Art-Guillem-amo.100CM-X-70-CMjpg-1024x768.jpg);\" role=\"img\" aria-label=\"Kobe tribute Kobe Bryant Pop Art Guillem amo.100CM X 70 CMjpg\"><\/div>\n\t\t\t\t<div class=\"elementor-cta__bg-overlay\"><\/div>\n\t\t\t<\/div>\n\t\t\t\t\t\t\t<div class=\"elementor-cta__content\">\n\t\t\t\t\n\t\t\t\t\t\t\t\t\t<h2 class=\"elementor-cta__title elementor-cta__content-item elementor-content-item elementor-animated-item--grow\">\n\t\t\t\t\t\t \t\t\t\t\t<\/h2>\n\t\t\t\t\n\t\t\t\t\n\t\t\t\t\t\t\t<\/div>\n\t\t\t\t\t\t<\/a>\n\t\t\t\t\t\t<\/div>\n\t\t\t\t<\/div>\n\t\t\t\t<div class=\"elementor-element elementor-element-c1fde0b elementor-cta--skin-cover elementor-cta--valign-bottom elementor-animated-content elementor-bg-transform elementor-bg-transform-zoom-in elementor-widget elementor-widget-call-to-action\" data-id=\"c1fde0b\" data-element_type=\"widget\" data-widget_type=\"call-to-action.default\">\n\t\t\t\t<div class=\"elementor-widget-container\">\n\t\t\t\t\t\t\t<a class=\"elementor-cta\" href=\"#elementor-action%3Aaction%3Dlightbox%26settings%3DeyJ1cmwiOiJodHRwczpcL1wvaW5mYWxsaWJsZS1jYW5ub24uOTQtMTQzLTEzNy05OS5wbGVzay5wYWdlXC93cC1jb250ZW50XC91cGxvYWRzXC8yMDI0XC8xMlwvR3JldGEtVEhVTkJFUkctYXBvY2FsaXBzaXMtMTYxQ00tWC0xMDAtQ00tc2NhbGVkLmpwZyIsInR5cGUiOiJpbWFnZSIsInRpdGxlIjoiR3JldGEtVEhVTkJFUkcgYXBvY2FsaXBzaXMtMTYxQ00gWCAxMDAgQ00ifQ%3D%3D\">\n\t\t\t\t\t<div class=\"elementor-cta__bg-wrapper\">\n\t\t\t\t<div class=\"elementor-cta__bg elementor-bg\" style=\"background-image: url(https:\/\/infallible-cannon.94-143-137-99.plesk.page\/wp-content\/uploads\/2024\/12\/Greta-THUNBERG-apocalipsis-161CM-X-100-CM-1024x768.jpg);\" role=\"img\" aria-label=\"Greta-THUNBERG apocalipsis-161CM X 100 CM\"><\/div>\n\t\t\t\t<div class=\"elementor-cta__bg-overlay\"><\/div>\n\t\t\t<\/div>\n\t\t\t\t\t\t\t<div class=\"elementor-cta__content\">\n\t\t\t\t\n\t\t\t\t\t\t\t\t\t<h2 class=\"elementor-cta__title elementor-cta__content-item elementor-content-item elementor-animated-item--grow\">\n\t\t\t\t\t\t \t\t\t\t\t<\/h2>\n\t\t\t\t\n\t\t\t\t\n\t\t\t\t\t\t\t<\/div>\n\t\t\t\t\t\t<\/a>\n\t\t\t\t\t\t<\/div>\n\t\t\t\t<\/div>\n\t\t\t\t<div class=\"elementor-element elementor-element-5a70ff8 elementor-cta--skin-cover elementor-cta--valign-bottom elementor-animated-content elementor-bg-transform elementor-bg-transform-zoom-in elementor-widget elementor-widget-call-to-action\" data-id=\"5a70ff8\" data-element_type=\"widget\" data-widget_type=\"call-to-action.default\">\n\t\t\t\t<div class=\"elementor-widget-container\">\n\t\t\t\t\t\t\t<a class=\"elementor-cta\" href=\"#elementor-action%3Aaction%3Dlightbox%26settings%3DeyJ1cmwiOiJodHRwczpcL1wvaW5mYWxsaWJsZS1jYW5ub24uOTQtMTQzLTEzNy05OS5wbGVzay5wYWdlXC93cC1jb250ZW50XC91cGxvYWRzXC8yMDI0XC8xMlwvUGljYXNzby1Qb3AtQXJ0LTczQ00tWC05MkNNLXNjYWxlZC5qcGciLCJ0eXBlIjoiaW1hZ2UiLCJ0aXRsZSI6IlBpY2Fzc28gUG9wIEFydCA3M0NNIFggOTJDTSJ9\">\n\t\t\t\t\t<div class=\"elementor-cta__bg-wrapper\">\n\t\t\t\t<div class=\"elementor-cta__bg elementor-bg\" style=\"background-image: url(https:\/\/infallible-cannon.94-143-137-99.plesk.page\/wp-content\/uploads\/2024\/12\/Picasso-Pop-Art-73CM-X-92CM-1024x683.jpg);\" role=\"img\" aria-label=\"Picasso Pop Art 73CM X 92CM\"><\/div>\n\t\t\t\t<div class=\"elementor-cta__bg-overlay\"><\/div>\n\t\t\t<\/div>\n\t\t\t\t\t\t\t<div class=\"elementor-cta__content\">\n\t\t\t\t\n\t\t\t\t\t\t\t\t\t<h2 class=\"elementor-cta__title elementor-cta__content-item elementor-content-item elementor-animated-item--grow\">\n\t\t\t\t\t\t \t\t\t\t\t<\/h2>\n\t\t\t\t\n\t\t\t\t\n\t\t\t\t\t\t\t<\/div>\n\t\t\t\t\t\t<\/a>\n\t\t\t\t\t\t<\/div>\n\t\t\t\t<\/div>\n\t\t\t\t<div class=\"elementor-element elementor-element-061f073 elementor-cta--skin-cover elementor-cta--valign-bottom elementor-animated-content elementor-bg-transform elementor-bg-transform-zoom-in elementor-widget elementor-widget-call-to-action\" data-id=\"061f073\" data-element_type=\"widget\" data-widget_type=\"call-to-action.default\">\n\t\t\t\t<div class=\"elementor-widget-container\">\n\t\t\t\t\t\t\t<a class=\"elementor-cta\" href=\"#elementor-action%3Aaction%3Dlightbox%26settings%3DeyJ1cmwiOiJodHRwczpcL1wvaW5mYWxsaWJsZS1jYW5ub24uOTQtMTQzLTEzNy05OS5wbGVzay5wYWdlXC93cC1jb250ZW50XC91cGxvYWRzXC8yMDI0XC8xMlwvTUFMQUxBLVJpZ2h0cy1vZi1naXJscy1lZHVjYXRpb24tMTMwQ00tWC05MENNLXNjYWxlZC5qcGciLCJ0eXBlIjoiaW1hZ2UiLCJ0aXRsZSI6Ik1BTEFMQSBSaWdodHMgb2YgZ2lybHMgZWR1Y2F0aW9uIDEzMENNIFggOTBDTSJ9\">\n\t\t\t\t\t<div class=\"elementor-cta__bg-wrapper\">\n\t\t\t\t<div class=\"elementor-cta__bg elementor-bg\" style=\"background-image: url(https:\/\/infallible-cannon.94-143-137-99.plesk.page\/wp-content\/uploads\/2024\/12\/MALALA-Rights-of-girls-education-130CM-X-90CM-1024x683.jpg);\" role=\"img\" aria-label=\"MALALA Rights of girls education 130CM X 90CM\"><\/div>\n\t\t\t\t<div class=\"elementor-cta__bg-overlay\"><\/div>\n\t\t\t<\/div>\n\t\t\t\t\t\t\t<div class=\"elementor-cta__content\">\n\t\t\t\t\n\t\t\t\t\t\t\t\t\t<h2 class=\"elementor-cta__title elementor-cta__content-item elementor-content-item elementor-animated-item--grow\">\n\t\t\t\t\t\t \t\t\t\t\t<\/h2>\n\t\t\t\t\n\t\t\t\t\n\t\t\t\t\t\t\t<\/div>\n\t\t\t\t\t\t<\/a>\n\t\t\t\t\t\t<\/div>\n\t\t\t\t<\/div>\n\t\t\t\t<div class=\"elementor-element elementor-element-9836e93 elementor-cta--skin-cover elementor-cta--valign-bottom elementor-animated-content elementor-bg-transform elementor-bg-transform-zoom-in elementor-widget elementor-widget-call-to-action\" data-id=\"9836e93\" data-element_type=\"widget\" data-widget_type=\"call-to-action.default\">\n\t\t\t\t<div class=\"elementor-widget-container\">\n\t\t\t\t\t\t\t<a class=\"elementor-cta\" href=\"#elementor-action%3Aaction%3Dlightbox%26settings%3DeyJ1cmwiOiJodHRwczpcL1wvaW5mYWxsaWJsZS1jYW5ub24uOTQtMTQzLTEzNy05OS5wbGVzay5wYWdlXC93cC1jb250ZW50XC91cGxvYWRzXC8yMDI0XC8xMlwvU3Rhbi1MZWUtdHJpYnV0ZS0xNDVDTS1YLTg5Q00ucG5nIiwidHlwZSI6ImltYWdlIiwidGl0bGUiOiJTdGFuIExlZSB0cmlidXRlIDE0NUNNIFggODlDTSJ9\">\n\t\t\t\t\t<div class=\"elementor-cta__bg-wrapper\">\n\t\t\t\t<div class=\"elementor-cta__bg elementor-bg\" style=\"background-image: url(https:\/\/infallible-cannon.94-143-137-99.plesk.page\/wp-content\/uploads\/2024\/12\/Stan-Lee-tribute-145CM-X-89CM-1024x683.png);\" role=\"img\" aria-label=\"Stan Lee tribute 145CM X 89CM\"><\/div>\n\t\t\t\t<div class=\"elementor-cta__bg-overlay\"><\/div>\n\t\t\t<\/div>\n\t\t\t\t\t\t\t<div class=\"elementor-cta__content\">\n\t\t\t\t\n\t\t\t\t\t\t\t\t\t<h2 class=\"elementor-cta__title elementor-cta__content-item elementor-content-item elementor-animated-item--grow\">\n\t\t\t\t\t\t \t\t\t\t\t<\/h2>\n\t\t\t\t\n\t\t\t\t\n\t\t\t\t\t\t\t<\/div>\n\t\t\t\t\t\t<\/a>\n\t\t\t\t\t\t<\/div>\n\t\t\t\t<\/div>\n\t\t\t\t\t<\/div>\n\t\t\t\t<\/div>\n\t\t\t\t<\/div>\n\t\t","protected":false},"excerpt":{"rendered":"<p>Art original que transforma espais. Descobreix quadres \u00fanics dissenyats per connectar, inspirar i deixar empremta Tria l&#8217;obra que connecti amb tu i transforma el teu espai en alguna cosa inoblidable. En aquest apartat trobar\u00e0s una selecci\u00f3 exclusiva dels meus quadres originals. Cada obra \u00e9s una pe\u00e7a \u00fanica, creada amb passi\u00f3, detall i un estil que [&hellip;]<\/p>\n","protected":false},"author":2,"featured_media":0,"parent":1216,"menu_order":0,"comment_status":"closed","ping_status":"closed","template":"","meta":{"footnotes":""},"class_list":["post-1218","page","type-page","status-publish","hentry"],"blocksy_meta":{"has_hero_section":"disabled","styles_descriptor":{"styles":{"desktop":"","tablet":"","mobile":""},"google_fonts":[],"version":6},"vertical_spacing_source":"custom","content_area_spacing":"bottom"},"_links":{"self":[{"href":"https:\/\/infallible-cannon.94-143-137-99.plesk.page\/es\/wp-json\/wp\/v2\/pages\/1218","targetHints":{"allow":["GET"]}}],"collection":[{"href":"https:\/\/infallible-cannon.94-143-137-99.plesk.page\/es\/wp-json\/wp\/v2\/pages"}],"about":[{"href":"https:\/\/infallible-cannon.94-143-137-99.plesk.page\/es\/wp-json\/wp\/v2\/types\/page"}],"author":[{"embeddable":true,"href":"https:\/\/infallible-cannon.94-143-137-99.plesk.page\/es\/wp-json\/wp\/v2\/users\/2"}],"replies":[{"embeddable":true,"href":"https:\/\/infallible-cannon.94-143-137-99.plesk.page\/es\/wp-json\/wp\/v2\/comments?post=1218"}],"version-history":[{"count":48,"href":"https:\/\/infallible-cannon.94-143-137-99.plesk.page\/es\/wp-json\/wp\/v2\/pages\/1218\/revisions"}],"predecessor-version":[{"id":1442,"href":"https:\/\/infallible-cannon.94-143-137-99.plesk.page\/es\/wp-json\/wp\/v2\/pages\/1218\/revisions\/1442"}],"up":[{"embeddable":true,"href":"https:\/\/infallible-cannon.94-143-137-99.plesk.page\/es\/wp-json\/wp\/v2\/pages\/1216"}],"wp:attachment":[{"href":"https:\/\/infallible-cannon.94-143-137-99.plesk.page\/es\/wp-json\/wp\/v2\/media?parent=1218"}],"curies":[{"name":"wp","href":"https:\/\/api.w.org\/{rel}","templated":true}]}}