{"id":1445,"date":"2025-01-10T12:25:29","date_gmt":"2025-01-10T12:25:29","guid":{"rendered":"https:\/\/infallible-cannon.94-143-137-99.plesk.page\/biografia\/"},"modified":"2025-01-13T16:02:07","modified_gmt":"2025-01-13T16:02:07","slug":"biografia","status":"publish","type":"page","link":"https:\/\/infallible-cannon.94-143-137-99.plesk.page\/es\/biografia\/","title":{"rendered":"Biograf\u00eda"},"content":{"rendered":"\t\t<div data-elementor-type=\"wp-page\" data-elementor-id=\"1445\" class=\"elementor elementor-1445 elementor-1324\" data-elementor-post-type=\"page\">\n\t\t\t\t<div class=\"elementor-element elementor-element-84b5e8b e-flex e-con-boxed e-con e-parent\" data-id=\"84b5e8b\" data-element_type=\"container\" data-settings=\"{&quot;background_background&quot;:&quot;classic&quot;}\">\n\t\t\t\t\t<div class=\"e-con-inner\">\n\t\t<div class=\"elementor-element elementor-element-89f42fb e-con-full e-flex e-con e-child\" data-id=\"89f42fb\" data-element_type=\"container\">\n\t\t\t\t<div class=\"elementor-element elementor-element-a6fffdc elementor-widget elementor-widget-heading\" data-id=\"a6fffdc\" data-element_type=\"widget\" data-widget_type=\"heading.default\">\n\t\t\t\t\t<h2 class=\"elementor-heading-title elementor-size-default\">Biograf\u00eda<\/h2>\t\t\t\t<\/div>\n\t\t\t\t<div class=\"elementor-element elementor-element-02874f0 elementor-widget elementor-widget-text-editor\" data-id=\"02874f0\" data-element_type=\"widget\" data-widget_type=\"text-editor.default\">\n\t\t\t\t\t\t\t\t\t<p data-pm-slice=\"1 1 []\">Cont\u00e1ctame para transformar tus espacios.<\/p>\n\t\t\t\t\t\t\t\t<\/div>\n\t\t\t\t<div class=\"elementor-element elementor-element-711888c elementor-widget elementor-widget-shortcode\" data-id=\"711888c\" data-element_type=\"widget\" data-widget_type=\"shortcode.default\">\n\t\t\t\t\t\t\t<div class=\"elementor-shortcode\"><\/div>\n\t\t\t\t\t\t<\/div>\n\t\t\t\t<\/div>\n\t\t\t\t\t<\/div>\n\t\t\t\t<\/div>\n\t\t<div class=\"elementor-element elementor-element-60728d5 e-flex e-con-boxed e-con e-parent\" data-id=\"60728d5\" data-element_type=\"container\" data-settings=\"{&quot;background_background&quot;:&quot;classic&quot;}\">\n\t\t\t\t\t<div class=\"e-con-inner\">\n\t\t<div class=\"elementor-element elementor-element-87a064d e-con-full e-flex e-con e-child\" data-id=\"87a064d\" data-element_type=\"container\">\n\t\t<div class=\"elementor-element elementor-element-8fd848a e-con-full e-flex e-con e-child\" data-id=\"8fd848a\" data-element_type=\"container\">\n\t\t\t\t<div class=\"elementor-element elementor-element-806b537 elementor-widget elementor-widget-text-editor\" data-id=\"806b537\" data-element_type=\"widget\" data-widget_type=\"text-editor.default\">\n\t\t\t\t\t\t\t\t\t<p>Nac\u00ed en Barcelona en 1982, una ciudad que ha modelado mi sensibilidad art\u00edstica desde muy joven. Siempre he tenido una forma distinta de ver el mundo: una empat\u00eda especial y una inclinaci\u00f3n para cuestionar lo establecido, lo que me llev\u00f3 a investigar y decidir por m\u00ed mismo los caminos que quer\u00eda seguir.<\/p>\n\t\t\t\t\t\t\t\t<\/div>\n\t\t\t\t<\/div>\n\t\t<div class=\"elementor-element elementor-element-9343998 e-con-full e-flex e-con e-child\" data-id=\"9343998\" data-element_type=\"container\">\n\t\t\t\t<div class=\"elementor-element elementor-element-88c3008 elementor-widget elementor-widget-text-editor\" data-id=\"88c3008\" data-element_type=\"widget\" data-widget_type=\"text-editor.default\">\n\t\t\t\t\t\t\t\t\t<p>Con el tiempo, descubr\u00ed mi pasi\u00f3n por el arte y me sumerg\u00ed en el aprendizaje de diversas t\u00e9cnicas: \u00f3leo, acr\u00edlico, aerograf\u00eda, graffiti, pintura a pistola y trabajo con madera. Este proceso no s\u00f3lo me permiti\u00f3 desarrollar mi habilidad t\u00e9cnica, sino construir un lenguaje visual propio. A lo largo de mi trayectoria, he desarrollado la capacidad de pintar en una amplia variedad de estilos, desde realismo y surrealismo hasta arte infantil y corporativo, siempre adapt\u00e1ndome a las necesidades espec\u00edficas de cada proyecto.<\/p>\n\t\t\t\t\t\t\t\t<\/div>\n\t\t\t\t<\/div>\n\t\t\t\t<\/div>\n\t\t<div class=\"elementor-element elementor-element-e4f3125 e-flex e-con-boxed e-con e-child\" data-id=\"e4f3125\" data-element_type=\"container\">\n\t\t\t\t\t<div class=\"e-con-inner\">\n\t\t<div class=\"elementor-element elementor-element-17ef62b e-con-full e-flex e-con e-child\" data-id=\"17ef62b\" data-element_type=\"container\">\n\t\t\t\t<div class=\"elementor-element elementor-element-79adb48 elementor-drop-cap-yes elementor-drop-cap-view-default elementor-widget elementor-widget-text-editor\" data-id=\"79adb48\" data-element_type=\"widget\" data-settings=\"{&quot;drop_cap&quot;:&quot;yes&quot;}\" data-widget_type=\"text-editor.default\">\n\t\t\t\t\t\t\t\t\t<p>Durante a\u00f1os, me dediqu\u00e9 profesionalmente a la pintura mural bajo la firma Eolo Art, transformando paredes en puntos focales que cuentan historias y conectan con quien las ve. Fue en este per\u00edodo cuando descubr\u00ed el impacto que el arte puede tener en los espacios y en las personas que les<br \/> habitan.<\/p>\n<p>A\u00f1os despu\u00e9s, sent\u00ed la necesidad de explorar una obra m\u00e1s personal, crear piezas que reflejaran mis inquietudes y mi visi\u00f3n del mundo. As\u00ed naci\u00f3 Guillem Amo Originals, un espacio donde dedico mi obra a cuadros \u00fanicos que combinan narrativa, cr\u00edtica social y elementos visuales cautivadores para conectar emocionalmente con quien los contempla.<\/p>\n\t\t\t\t\t\t\t\t<\/div>\n\t\t\t\t<\/div>\n\t\t<div class=\"elementor-element elementor-element-f6f7fd1 e-con-full e-flex e-con e-child\" data-id=\"f6f7fd1\" data-element_type=\"container\">\n\t\t\t\t<div class=\"elementor-element elementor-element-38dcfa0 elementor-drop-cap-yes elementor-drop-cap-view-default elementor-widget elementor-widget-text-editor\" data-id=\"38dcfa0\" data-element_type=\"widget\" data-settings=\"{&quot;drop_cap&quot;:&quot;yes&quot;}\" data-widget_type=\"text-editor.default\">\n\t\t\t\t\t\t\t\t\t<p>Hoy, mi trabajo se divide entre estas dos vertientes: transformar espacios a trav\u00e9s de murales y crear obras que cuentan historias m\u00e1s \u00edntimas. En ambos casos, mi compromiso es siempre consigo mismo: aportar car\u00e1cter, emoci\u00f3n y profundidad a cada proyecto.<\/p>\n<p>Pr\u00f3ximamente dar\u00e9 vida a una nueva l\u00ednea art\u00edstica que explora las posibilidades del arte en tres dimensiones. Cuadros con texturas 3D, inspirados en formas de roca y elementos org\u00e1nicos, dise\u00f1ados para destacar en espacios en los que no encaja una pintura tradicional, pero s\u00ed el car\u00e1cter \u00fanico de mi arte.<\/p>\n<p>Estas obras est\u00e1n pensadas para captar miradas y transformar cualquier sitio en algo memorable.<\/p>\n\t\t\t\t\t\t\t\t<\/div>\n\t\t\t\t<\/div>\n\t\t\t\t\t<\/div>\n\t\t\t\t<\/div>\n\t\t\t\t<div class=\"elementor-element elementor-element-3273e09 elementor-widget-divider--view-line elementor-widget elementor-widget-divider\" data-id=\"3273e09\" data-element_type=\"widget\" data-widget_type=\"divider.default\">\n\t\t\t\t\t\t\t<div class=\"elementor-divider\">\n\t\t\t<span class=\"elementor-divider-separator\">\n\t\t\t\t\t\t<\/span>\n\t\t<\/div>\n\t\t\t\t\t\t<\/div>\n\t\t\t\t\t<\/div>\n\t\t\t\t<\/div>\n\t\t<div class=\"elementor-element elementor-element-15f3b72 e-flex e-con-boxed e-con e-parent\" data-id=\"15f3b72\" data-element_type=\"container\" data-settings=\"{&quot;background_background&quot;:&quot;classic&quot;}\">\n\t\t\t\t\t<div class=\"e-con-inner\">\n\t\t\t\t<div class=\"elementor-element elementor-element-f18e340 elementor-widget elementor-widget-modula_elementor_gallery\" data-id=\"f18e340\" data-element_type=\"widget\" data-widget_type=\"modula_elementor_gallery.default\">\n\t\t\t\t<div class=\"elementor-widget-container\">\n\t\t\t\t\t<style>#jtg-626 .modula-item .jtg-social a, .lightbox-socials.jtg-social a{ fill: #ffffff; color: #ffffff }#jtg-626 .modula-item .jtg-social-mobile a{ fill: #ffffff; color: #ffffff }#jtg-626 .modula-item .jtg-social svg, .lightbox-socials.jtg-social svg { height: 16px; width: 16px }#jtg-626 .modula-item .jtg-social-mobile svg { height: 16px; width: 16px }#jtg-626 .modula-item .jtg-social a:not(:last-child), .lightbox-socials.jtg-social a:not(:last-child) { margin-right: 10px }#jtg-626 .modula-item .jtg-social-mobile .jtg-social-mobile-icons a:not(:last-child){ margin-right: 10px }#jtg-626 .modula-item .figc {color:#ffffff;}#jtg-626 .modula-item .modula-item-content { transform: scale(1) }#jtg-626 .modula-items .figc p.description { font-size:14px; }#jtg-626 .modula-items .figc p.description { color:#ffffff;}#jtg-626.modula-gallery .modula-item > a, #jtg-626.modula-gallery .modula-item, #jtg-626.modula-gallery .modula-item-content > a:not(.modula-no-follow) { cursor:zoom-in; } #jtg-626.modula-gallery .modula-item-content .modula-no-follow { cursor: default; } @media screen and (max-width:480px){#jtg-626 .modula-item .figc .jtg-title {  font-size: 12px; }#jtg-626 .modula-items .figc p.description { color:#ffffff;font-size:10px; }}#jtg-626 .modula-items .modula-item:hover img{opacity:1;}<\/style>\n<!-- Gallery Container -->\n<div  id=\"jtg-626\" class=\"modula modula-gallery modula-custom-grid\" data-config=\"{&quot;height&quot;:800,&quot;tabletHeight&quot;:800,&quot;mobileHeight&quot;:800,&quot;desktopHeight&quot;:800,&quot;enableTwitter&quot;:false,&quot;enableWhatsapp&quot;:false,&quot;enableFacebook&quot;:false,&quot;enablePinterest&quot;:false,&quot;enableLinkedin&quot;:false,&quot;enableEmail&quot;:false,&quot;randomFactor&quot;:0,&quot;type&quot;:&quot;custom-grid&quot;,&quot;columns&quot;:12,&quot;gutter&quot;:20,&quot;mobileGutter&quot;:10,&quot;tabletGutter&quot;:20,&quot;desktopGutter&quot;:20,&quot;enableResponsive&quot;:&quot;0&quot;,&quot;tabletColumns&quot;:2,&quot;mobileColumns&quot;:1,&quot;lazyLoad&quot;:true,&quot;lightboxOpts&quot;:{&quot;animated&quot;:true,&quot;Thumbs&quot;:{&quot;type&quot;:&quot;modern&quot;,&quot;showOnStart&quot;:false},&quot;Toolbar&quot;:{&quot;display&quot;:{&quot;right&quot;:[&quot;close&quot;]},&quot;enabled&quot;:true},&quot;Carousel&quot;:{&quot;Panzoom&quot;:{&quot;touch&quot;:false},&quot;infinite&quot;:false},&quot;keyboard&quot;:{&quot;Escape&quot;:&quot;close&quot;,&quot;Delete&quot;:&quot;close&quot;,&quot;Backspace&quot;:&quot;close&quot;,&quot;PageUp&quot;:false,&quot;PageDown&quot;:false,&quot;ArrowUp&quot;:false,&quot;ArrowDown&quot;:false,&quot;ArrowRight&quot;:false,&quot;ArrowLeft&quot;:false},&quot;touch&quot;:false,&quot;backdropClick&quot;:false,&quot;l10n&quot;:{&quot;CLOSE&quot;:&quot;Close&quot;,&quot;NEXT&quot;:&quot;Next&quot;,&quot;PREV&quot;:&quot;Previous&quot;,&quot;Error&quot;:&quot;The requested content cannot be loaded. Please try again later.&quot;,&quot;PLAY_START&quot;:&quot;Start slideshow&quot;,&quot;PLAY_STOP&quot;:&quot;Pause slideshow&quot;,&quot;FULL_SCREEN&quot;:&quot;Full screen&quot;,&quot;THUMBS&quot;:&quot;Thumbnails&quot;,&quot;DOWNLOAD&quot;:&quot;Download&quot;,&quot;SHARE&quot;:&quot;Share&quot;,&quot;ZOOM&quot;:&quot;Zoom&quot;,&quot;EMAIL&quot;:&quot;Here is the link to the image : %%image_link%% and this is the link to the gallery : %%gallery_link%%&quot;,&quot;MODAL&quot;:&quot;You can close this modal content with the ESC key&quot;,&quot;ERROR&quot;:&quot;Something Went Wrong, Please Try Again Later&quot;,&quot;IMAGE_ERROR&quot;:&quot;Image Not Found&quot;,&quot;ELEMENT_NOT_FOUND&quot;:&quot;HTML Element Not Found&quot;,&quot;AJAX_NOT_FOUND&quot;:&quot;Error Loading AJAX : Not Found&quot;,&quot;AJAX_FORBIDDEN&quot;:&quot;Error Loading AJAX : Forbidden&quot;,&quot;IFRAME_ERROR&quot;:&quot;Error Loading Page&quot;,&quot;TOGGLE_ZOOM&quot;:&quot;Toggle zoom level&quot;,&quot;TOGGLE_THUMBS&quot;:&quot;Toggle thumbnails&quot;,&quot;TOGGLE_SLIDESHOW&quot;:&quot;Toggle slideshow&quot;,&quot;TOGGLE_FULLSCREEN&quot;:&quot;Toggle full-screen mode&quot;},&quot;Images&quot;:{&quot;Panzoom&quot;:{&quot;maxScale&quot;:2}},&quot;mainClass&quot;:&quot;modula-fancybox-container modula-lightbox-jtg-626&quot;,&quot;Html&quot;:{&quot;videoAutoplay&quot;:0,&quot;videoTpl&quot;:&quot;&lt;video class=\\&quot;fancybox__html5video\\&quot; controls muted playsinline controlsList controlsList=\\&quot;nodownload\\&quot; poster=\\&quot;{{poster}}\\&quot; src=\\&quot;{{src}}\\&quot; type=\\&quot;{{format}}\\&quot; &gt;  Sorry, your browser doesn&#039;t support embedded videos, &lt;a href=\\&quot;{{src}}\\&quot;&gt; download &lt;\\\/a&gt; and watch with your favorite video player! &lt;\\\/video&gt;&quot;}},&quot;inView&quot;:false,&quot;email_subject&quot;:&quot;Check out this awesome image !!&quot;,&quot;email_message&quot;:&quot;Here is the link to the image : %%image_link%% and this is the link to the gallery : %%gallery_link%%&quot;,&quot;lightbox&quot;:&quot;fancybox&quot;}\">\n\n\t\n\t<!-- Items Container -->\n\t<div  class=\"modula-items\">\n\t\t<div class=\"modula-item\" data-width=\"4\" data-height=\"4\" >\n\t<div class=\"modula-item-content\">\n\t\t\n\t\t\t\t\t<a data-image-id=\"1168\" data-elementor-open-lightbox=\"no\" tabindex=\"0\" rel=\"jtg-626\" data-caption=\"\" aria-label=\"Open image in lightbox\" role=\"button\" class=\"tile-inner modula-item-link\"><\/a>\n\t\t\n\t\t<img fetchpriority=\"high\" class=\"pic wp-image-1168 lazyload\"  data-valign=\"middle\" data-halign=\"center\" alt=\"\" data-full=\"https:\/\/infallible-cannon.94-143-137-99.plesk.page\/wp-content\/uploads\/2025\/01\/IMG_20200717_173203-scaled.jpg\" title=\"IMG_20200717_173203\" width=\"1200\" height=\"1200\" data-src=\"https:\/\/infallible-cannon.94-143-137-99.plesk.page\/wp-content\/uploads\/2025\/01\/IMG_20200717_173203-scaled-1200x1200_c.jpg\" data-caption=\"\" data-source=\"modula\" data-srcset=\"https:\/\/infallible-cannon.94-143-137-99.plesk.page\/wp-content\/uploads\/2025\/01\/IMG_20200717_173203-scaled-300x300.jpg 300w, https:\/\/infallible-cannon.94-143-137-99.plesk.page\/wp-content\/uploads\/2025\/01\/IMG_20200717_173203-scaled-100x100.jpg 100w, https:\/\/infallible-cannon.94-143-137-99.plesk.page\/wp-content\/uploads\/2025\/01\/IMG_20200717_173203-scaled-500x500.jpg 500w, https:\/\/infallible-cannon.94-143-137-99.plesk.page\/wp-content\/uploads\/2025\/01\/IMG_20200717_173203-150x150.jpg 150w, https:\/\/infallible-cannon.94-143-137-99.plesk.page\/wp-content\/uploads\/2025\/01\/IMG_20200717_173203-scaled-1200x1200_c.jpg 1200w\" data-sizes=\"(max-width: 1200px) 100vw, 1200px\" \/>\n\t<\/div>\n\n<\/div><div class=\"modula-item\" data-width=\"4\" data-height=\"4\" >\n\t<div class=\"modula-item-content\">\n\t\t\n\t\t\t\t\t<a data-image-id=\"782\" data-elementor-open-lightbox=\"no\" tabindex=\"0\" rel=\"jtg-626\" data-caption=\"\" aria-label=\"Open image in lightbox\" role=\"button\" class=\"tile-inner modula-item-link\"><\/a>\n\t\t\n\t\t<img class=\"pic wp-image-782 lazyload\"  data-valign=\"middle\" data-halign=\"center\" alt=\"\" data-full=\"https:\/\/infallible-cannon.94-143-137-99.plesk.page\/wp-content\/uploads\/2024\/12\/2-chiuaua-pop-art-guillem-amo.jpg\" title=\"2 chiuaua pop art guillem amo\" width=\"1200\" height=\"1200\" data-src=\"https:\/\/infallible-cannon.94-143-137-99.plesk.page\/wp-content\/uploads\/2024\/12\/2-chiuaua-pop-art-guillem-amo-1200x1200_c.jpg\" data-caption=\"\" data-source=\"modula\" data-srcset=\"https:\/\/infallible-cannon.94-143-137-99.plesk.page\/wp-content\/uploads\/2024\/12\/2-chiuaua-pop-art-guillem-amo-300x300.jpg 300w, https:\/\/infallible-cannon.94-143-137-99.plesk.page\/wp-content\/uploads\/2024\/12\/2-chiuaua-pop-art-guillem-amo-100x100.jpg 100w, https:\/\/infallible-cannon.94-143-137-99.plesk.page\/wp-content\/uploads\/2024\/12\/2-chiuaua-pop-art-guillem-amo-500x500.jpg 500w, https:\/\/infallible-cannon.94-143-137-99.plesk.page\/wp-content\/uploads\/2024\/12\/2-chiuaua-pop-art-guillem-amo-150x150.jpg 150w, https:\/\/infallible-cannon.94-143-137-99.plesk.page\/wp-content\/uploads\/2024\/12\/2-chiuaua-pop-art-guillem-amo-1200x1200_c.jpg 1200w\" data-sizes=\"(max-width: 1200px) 100vw, 1200px\" \/>\n\t<\/div>\n\n<\/div><div class=\"modula-item\" data-width=\"4\" data-height=\"4\" >\n\t<div class=\"modula-item-content\">\n\t\t\n\t\t\t\t\t<a data-image-id=\"1182\" data-elementor-open-lightbox=\"no\" tabindex=\"0\" rel=\"jtg-626\" data-caption=\"\" aria-label=\"Open image in lightbox\" role=\"button\" class=\"tile-inner modula-item-link\"><\/a>\n\t\t\n\t\t<img class=\"pic wp-image-1182 lazyload\"  data-valign=\"middle\" data-halign=\"center\" alt=\"\" data-full=\"https:\/\/infallible-cannon.94-143-137-99.plesk.page\/wp-content\/uploads\/2025\/01\/Pintura-mural-trampantojo-de-ventana-Parc-Guell-restaurante-scaled.jpg\" title=\"Pintura mural trampantojo de ventana Parc Gu\u0308ell restaurante\" width=\"1200\" height=\"1200\" data-src=\"https:\/\/infallible-cannon.94-143-137-99.plesk.page\/wp-content\/uploads\/2025\/01\/Pintura-mural-trampantojo-de-ventana-Parc-Guell-restaurante-scaled-1200x1200_c.jpg\" data-caption=\"\" data-source=\"modula\" data-srcset=\"https:\/\/infallible-cannon.94-143-137-99.plesk.page\/wp-content\/uploads\/2025\/01\/Pintura-mural-trampantojo-de-ventana-Parc-Guell-restaurante-scaled-300x300.jpg 300w, https:\/\/infallible-cannon.94-143-137-99.plesk.page\/wp-content\/uploads\/2025\/01\/Pintura-mural-trampantojo-de-ventana-Parc-Guell-restaurante-scaled-100x100.jpg 100w, https:\/\/infallible-cannon.94-143-137-99.plesk.page\/wp-content\/uploads\/2025\/01\/Pintura-mural-trampantojo-de-ventana-Parc-Guell-restaurante-scaled-500x500.jpg 500w, https:\/\/infallible-cannon.94-143-137-99.plesk.page\/wp-content\/uploads\/2025\/01\/Pintura-mural-trampantojo-de-ventana-Parc-Guell-restaurante-150x150.jpg 150w, https:\/\/infallible-cannon.94-143-137-99.plesk.page\/wp-content\/uploads\/2025\/01\/Pintura-mural-trampantojo-de-ventana-Parc-Guell-restaurante-scaled-1200x1200_c.jpg 1200w\" data-sizes=\"(max-width: 1200px) 100vw, 1200px\" \/>\n\t<\/div>\n\n<\/div><div class=\"modula-item\" data-width=\"4\" data-height=\"4\" >\n\t<div class=\"modula-item-content\">\n\t\t\n\t\t\t\t\t<a data-image-id=\"1263\" data-elementor-open-lightbox=\"no\" tabindex=\"0\" rel=\"jtg-626\" data-caption=\"\" aria-label=\"Open image in lightbox\" role=\"button\" class=\"tile-inner modula-item-link\"><\/a>\n\t\t\n\t\t<img loading=\"lazy\" class=\"pic wp-image-1263 lazyload\"  data-valign=\"middle\" data-halign=\"center\" alt=\"\" data-full=\"https:\/\/infallible-cannon.94-143-137-99.plesk.page\/wp-content\/uploads\/2022\/11\/IMG-20241105-WA0016-scaled.jpg\" title=\"IMG-20241105-WA0016\" width=\"1200\" height=\"1200\" data-src=\"https:\/\/infallible-cannon.94-143-137-99.plesk.page\/wp-content\/uploads\/2022\/11\/IMG-20241105-WA0016-scaled-1200x1200_c.jpg\" data-caption=\"\" data-source=\"modula\" data-srcset=\"https:\/\/infallible-cannon.94-143-137-99.plesk.page\/wp-content\/uploads\/2022\/11\/IMG-20241105-WA0016-scaled-300x300.jpg 300w, https:\/\/infallible-cannon.94-143-137-99.plesk.page\/wp-content\/uploads\/2022\/11\/IMG-20241105-WA0016-scaled-100x100.jpg 100w, https:\/\/infallible-cannon.94-143-137-99.plesk.page\/wp-content\/uploads\/2022\/11\/IMG-20241105-WA0016-scaled-500x500.jpg 500w, https:\/\/infallible-cannon.94-143-137-99.plesk.page\/wp-content\/uploads\/2022\/11\/IMG-20241105-WA0016-150x150.jpg 150w, https:\/\/infallible-cannon.94-143-137-99.plesk.page\/wp-content\/uploads\/2022\/11\/IMG-20241105-WA0016-scaled-1200x1200_c.jpg 1200w\" data-sizes=\"(max-width: 1200px) 100vw, 1200px\" \/>\n\t<\/div>\n\n<\/div><div class=\"modula-item\" data-width=\"4\" data-height=\"4\" >\n\t<div class=\"modula-item-content\">\n\t\t\n\t\t\t\t\t<a data-image-id=\"1184\" data-elementor-open-lightbox=\"no\" tabindex=\"0\" rel=\"jtg-626\" data-caption=\"\" aria-label=\"Open image in lightbox\" role=\"button\" class=\"tile-inner modula-item-link\"><\/a>\n\t\t\n\t\t<img loading=\"lazy\" class=\"pic wp-image-1184 lazyload\"  data-valign=\"middle\" data-halign=\"center\" alt=\"\" data-full=\"https:\/\/infallible-cannon.94-143-137-99.plesk.page\/wp-content\/uploads\/2025\/01\/proceso-pintura-mural-muro-imitacion-piedra2-scaled.jpg\" title=\"proceso pintura mural muro imitacio\u0301n piedra2\" width=\"1200\" height=\"1200\" data-src=\"https:\/\/infallible-cannon.94-143-137-99.plesk.page\/wp-content\/uploads\/2025\/01\/proceso-pintura-mural-muro-imitacion-piedra2-scaled-1200x1200_c.jpg\" data-caption=\"\" data-source=\"modula\" data-srcset=\"https:\/\/infallible-cannon.94-143-137-99.plesk.page\/wp-content\/uploads\/2025\/01\/proceso-pintura-mural-muro-imitacion-piedra2-scaled-300x300.jpg 300w, https:\/\/infallible-cannon.94-143-137-99.plesk.page\/wp-content\/uploads\/2025\/01\/proceso-pintura-mural-muro-imitacion-piedra2-scaled-100x100.jpg 100w, https:\/\/infallible-cannon.94-143-137-99.plesk.page\/wp-content\/uploads\/2025\/01\/proceso-pintura-mural-muro-imitacion-piedra2-scaled-500x500.jpg 500w, https:\/\/infallible-cannon.94-143-137-99.plesk.page\/wp-content\/uploads\/2025\/01\/proceso-pintura-mural-muro-imitacion-piedra2-150x150.jpg 150w, https:\/\/infallible-cannon.94-143-137-99.plesk.page\/wp-content\/uploads\/2025\/01\/proceso-pintura-mural-muro-imitacion-piedra2-scaled-1200x1200_c.jpg 1200w\" data-sizes=\"(max-width: 1200px) 100vw, 1200px\" \/>\n\t<\/div>\n\n<\/div><div class=\"modula-item\" data-width=\"4\" data-height=\"4\" >\n\t<div class=\"modula-item-content\">\n\t\t\n\t\t\t\t\t<a data-image-id=\"1126\" data-elementor-open-lightbox=\"no\" tabindex=\"0\" rel=\"jtg-626\" data-caption=\"\" aria-label=\"Open image in lightbox\" role=\"button\" class=\"tile-inner modula-item-link\"><\/a>\n\t\t\n\t\t<img loading=\"lazy\" class=\"pic wp-image-1126 lazyload\"  data-valign=\"middle\" data-halign=\"center\" alt=\"\" data-full=\"https:\/\/infallible-cannon.94-143-137-99.plesk.page\/wp-content\/uploads\/2025\/01\/restaurante-rediseno-integral-sidreria-Eolo-Art-scaled.jpg\" title=\"restaurante redisen\u0303o integral sidreri\u0301a Eolo Art\" width=\"1200\" height=\"1200\" data-src=\"https:\/\/infallible-cannon.94-143-137-99.plesk.page\/wp-content\/uploads\/2025\/01\/restaurante-rediseno-integral-sidreria-Eolo-Art-scaled-1200x1200_c.jpg\" data-caption=\"\" data-source=\"modula\" data-srcset=\"https:\/\/infallible-cannon.94-143-137-99.plesk.page\/wp-content\/uploads\/2025\/01\/restaurante-rediseno-integral-sidreria-Eolo-Art-scaled-300x300.jpg 300w, https:\/\/infallible-cannon.94-143-137-99.plesk.page\/wp-content\/uploads\/2025\/01\/restaurante-rediseno-integral-sidreria-Eolo-Art-scaled-100x100.jpg 100w, https:\/\/infallible-cannon.94-143-137-99.plesk.page\/wp-content\/uploads\/2025\/01\/restaurante-rediseno-integral-sidreria-Eolo-Art-scaled-500x500.jpg 500w, https:\/\/infallible-cannon.94-143-137-99.plesk.page\/wp-content\/uploads\/2025\/01\/restaurante-rediseno-integral-sidreria-Eolo-Art-150x150.jpg 150w, https:\/\/infallible-cannon.94-143-137-99.plesk.page\/wp-content\/uploads\/2025\/01\/restaurante-rediseno-integral-sidreria-Eolo-Art-scaled-1200x1200_c.jpg 1200w\" data-sizes=\"(max-width: 1200px) 100vw, 1200px\" \/>\n\t<\/div>\n\n<\/div>\t\t\n\t<\/div>\n\n\t\n\t\n\t<script type=\"application\/ld+json\">\n\t{\n\t\t\"@context\": \"http:\/\/schema.org\",\n\t\t\"@type\"   : \"ImageGallery\",\n\t\t\"id\"      : \"https:\/\/infallible-cannon.94-143-137-99.plesk.page\/es\/biografia\/\",\n\t\t\"url\"     : \"https:\/\/infallible-cannon.94-143-137-99.plesk.page\/es\/biografia\/\"\n\t}\n\n\t<\/script>\n\n\t\n<\/div>\t\t\t\t<\/div>\n\t\t\t\t<\/div>\n\t\t\t\t\t<\/div>\n\t\t\t\t<\/div>\n\t\t\t\t<\/div>\n\t\t","protected":false},"excerpt":{"rendered":"<p>Cont\u00e1ctame para transformar tus espacios. Nac\u00ed en Barcelona en 1982, una ciudad que ha modelado mi sensibilidad art\u00edstica desde muy joven. Siempre he tenido una forma distinta de ver el mundo: una empat\u00eda especial y una inclinaci\u00f3n para cuestionar lo establecido, lo que me llev\u00f3 a investigar y decidir por m\u00ed mismo los caminos que [&hellip;]<\/p>\n","protected":false},"author":2,"featured_media":0,"parent":0,"menu_order":0,"comment_status":"closed","ping_status":"closed","template":"","meta":{"footnotes":""},"class_list":["post-1445","page","type-page","status-publish","hentry"],"blocksy_meta":{"has_hero_section":"disabled","styles_descriptor":{"styles":{"desktop":"","tablet":"","mobile":""},"google_fonts":[],"version":6},"content_style_source":"inherit","vertical_spacing_source":"custom","content_area_spacing":"bottom"},"_links":{"self":[{"href":"https:\/\/infallible-cannon.94-143-137-99.plesk.page\/es\/wp-json\/wp\/v2\/pages\/1445","targetHints":{"allow":["GET"]}}],"collection":[{"href":"https:\/\/infallible-cannon.94-143-137-99.plesk.page\/es\/wp-json\/wp\/v2\/pages"}],"about":[{"href":"https:\/\/infallible-cannon.94-143-137-99.plesk.page\/es\/wp-json\/wp\/v2\/types\/page"}],"author":[{"embeddable":true,"href":"https:\/\/infallible-cannon.94-143-137-99.plesk.page\/es\/wp-json\/wp\/v2\/users\/2"}],"replies":[{"embeddable":true,"href":"https:\/\/infallible-cannon.94-143-137-99.plesk.page\/es\/wp-json\/wp\/v2\/comments?post=1445"}],"version-history":[{"count":1,"href":"https:\/\/infallible-cannon.94-143-137-99.plesk.page\/es\/wp-json\/wp\/v2\/pages\/1445\/revisions"}],"predecessor-version":[{"id":1446,"href":"https:\/\/infallible-cannon.94-143-137-99.plesk.page\/es\/wp-json\/wp\/v2\/pages\/1445\/revisions\/1446"}],"wp:attachment":[{"href":"https:\/\/infallible-cannon.94-143-137-99.plesk.page\/es\/wp-json\/wp\/v2\/media?parent=1445"}],"curies":[{"name":"wp","href":"https:\/\/api.w.org\/{rel}","templated":true}]}}